{"id":96,"date":"2011-11-07T22:31:59","date_gmt":"2011-11-08T04:31:59","guid":{"rendered":"http:\/\/aslionline.org\/wp\/?page_id=96"},"modified":"2026-01-08T19:55:48","modified_gmt":"2026-01-09T01:55:48","slug":"atmospheric-science-resources","status":"publish","type":"page","link":"https:\/\/www.aslionline.org\/wp\/resources\/atmospheric-science-resources\/","title":{"rendered":"Atmospheric Science Resources"},"content":{"rendered":"<p><a name=\"top\"><\/a><\/p>\n<p style=\"text-align: center;\"><a href=\"#start\">Starting Points<\/a> <strong>\u00b7<\/strong> <a href=\"#forecasts\">Forecasts<\/a> <strong>\u00b7<\/strong> <a href=\"#data\">Climate Data<\/a> <strong>\u00b7<\/strong> <a href=\"#pubs\">Maps, Charts &amp; Publications<\/a><br \/>\n<a href=\"#ejournals\">Open Access E-Journals<\/a> <strong>\u00b7<\/strong> <a href=\"#career\">Career, Education and History<\/a><\/p>\n<p style=\"text-align: center;\"><strong>Topics:<\/strong> <a href=\"#air\">Air Quality &amp; Pollution<\/a> <strong>\u00b7<\/strong> <a href=\"#climate\">Climate<\/a><br \/>\n<a href=\"#wx\">Weather Observations &amp; Forecasting<\/a> <strong>\u00b7<\/strong> <a href=\"#severe\">Severe Weather<\/a><\/p>\n<p><a name=\"start\"><\/a><\/p>\n<h3>Starting Points<\/h3>\n<ul>\n<li><a href=\"https:\/\/www.earthdata.nasa.gov\/eosdis\/science-system-description\/eosdis-components\/cmr\">Common Metadata Repository (CMR)<\/a><\/li>\n<li><a href=\"https:\/\/earthobservatory.nasa.gov\/Images\/\">NASA Earth Observatory: Atmosphere<\/a><\/li>\n<li><a href=\"https:\/\/www.noaa.gov\/weather\"><acronym title=\"National Oceanographic and Atmospheric Administration\">NOAA<\/acronym> &#8211; Weather<\/a><\/li>\n<li><a href=\"http:\/\/www.refdesk.com\/weath1.html\">RefDesk Weather Resources<\/a><\/li>\n<li><a href=\"http:\/\/www.faqs.org\/faqs\/by-newsgroup\/sci\/sci.geo.meteorology.html\">sci.geo.meteorology Newsgroup <acronym title=\"Frequently Asked Questions\">FAQ<\/acronym><\/a><\/li>\n<li><a href=\"https:\/\/web.archive.org\/web\/20150615103259\/http:\/\/www.ucar.edu:80\/ucar\/weather.html\"><acronym title=\"University Corporation for Atmospheric Research\">UCAR<\/acronym> &#8211; Weather<\/a><\/li>\n<li><a href=\"https:\/\/web.archive.org\/web\/20170804012151\/https:\/\/www.lib.noaa.gov\/researchtools\/subjectguides\/wind\/windandsea.html\">WINDandSEA &#8211; The Oceanic and Atmospheric Sciences Internet Locator<\/a><\/li>\n<li><a href=\"https:\/\/web.archive.org\/web\/20161019092119\/http:\/\/awig.nwc.ou.edu\/index.php\">All Weather is Good<\/a> &#8211; Books and websites about weather and climate<\/li>\n<li><a href=\"http:\/\/ncar.ucar.edu\/\">National Center for Atmospheric Research<\/a><\/li>\n<\/ul>\n<p style=\"text-align: center;\"><a href=\"#top\">Return To Top<\/a><\/p>\n<p><a name=\"forecasts\"><\/a><\/p>\n<h3>U.S. Weather &amp; Forecasts<\/h3>\n<ul>\n<li><a href=\"http:\/\/weather.gov\/\">Internet Weather Source<\/a><\/li>\n<li><a href=\"https:\/\/www.weather.gov\/\">National Weather Service<\/a><\/li>\n<li><a href=\"https:\/\/web.archive.org\/web\/20150615103259\/http:\/\/www.ucar.edu:80\/ucar\/weather.html\">UCAR Weather<\/a><\/li>\n<li><a href=\"http:\/\/weather.unisys.com\/\">Unisys Weather<\/a><\/li>\n<li><a href=\"https:\/\/www.weathercentral.com\/weather\/us\/maps\/index\">U.S. Weather Maps<\/a><\/li>\n<\/ul>\n<hr align=\"left\" width=\"30%\" \/>\n<ul>\n<li><a href=\"http:\/\/www.spc.noaa.gov\/products\/outlook\/\">Convective Outlooks<\/a><\/li>\n<li><a href=\"https:\/\/www.cpc.ncep.noaa.gov\/products\/analysis_monitoring\/enso_advisory\/\">El Ni\u00f1o\/ENSO Discussion<\/a><\/li>\n<li><a href=\"http:\/\/www.spc.noaa.gov\/products\/fire_wx\/\">Fire Weather Forecasts<\/a><\/li>\n<li><a href=\"https:\/\/www.cpc.ncep.noaa.gov\/products\/outlooks\/hurricane.html\">Hurricane Outlook<\/a><\/li>\n<li><a href=\"http:\/\/www.spc.noaa.gov\/products\/watch\/\">National Watches &amp; Warnings<\/a><\/li>\n<li><a href=\"https:\/\/aviationweather.gov\/gfa\/#progchart\">Analysis &amp; Prognostic Charts<\/a><\/li>\n<\/ul>\n<p style=\"text-align: center;\"><a href=\"#top\">Return To Top<\/a><\/p>\n<h3>International Weather &amp; Forecasts<\/h3>\n<ul>\n<li><a href=\"https:\/\/weather.gc.ca\/mainmenu\/weather_menu_e.html\">Canadian Conditions and Forecasts<\/a><\/li>\n<li><a href=\"https:\/\/www.canada.ca\/en\/environment-climate-change\/services\/types-weather-forecasts-use\/ice.html\">Canadian Ice Forecasts<\/a><\/li>\n<li><a href=\"http:\/\/www.meteo.it\/\">Meteo.it<\/a><\/li>\n<li><a href=\"http:\/\/www.meteofrance.com\/\">M\u00e9t\u00e9o-France<\/a><\/li>\n<li><a href=\"http:\/\/www.metservice.com\/national\/home\">New Zealand MetService<\/a><\/li>\n<li><a href=\"http:\/\/www.bom.gov.au\/climate\/ocean\/outlooks\/#region=NINO34\">Australian Long-range sea surface temperature outlooks<\/a><\/li>\n<li><a href=\"https:\/\/www.weathersa.co.za\/\">South African Weather Service<\/a><\/li>\n<li><a href=\"http:\/\/www.weatherbase.com\/\">Weatherbase<\/a><\/li>\n<li><a href=\"http:\/\/weatherspark.com\/\">WeatherSpark<\/a><\/li>\n<li><a href=\"https:\/\/web.archive.org\/web\/20120505191242\/http:\/\/www.wxusa.com\/international\/A.htm\">WxUSA<\/a><\/li>\n<li><a href=\"http:\/\/www.wunderground.com\/wundermap\/\">Weather Underground: Global<\/a><\/li>\n<li><a href=\"http:\/\/www.worldweather.org\/\">World Weather Information Service<\/a><\/li>\n<\/ul>\n<hr align=\"left\" width=\"30%\" \/>\n<ul>\n<li><a href=\"http:\/\/www.bom.gov.au\/climate\/ahead\/\">Seasonal Outlooks (Australia)<\/a><\/li>\n<li><a href=\"https:\/\/weather.gc.ca\/forecast\/public_bulletins_e.html?Bulletin=fpcn49.cwao\">UV Index Forecast (Canada)<\/a><\/li>\n<\/ul>\n<p><a name=\"data\"><\/a><\/p>\n<h3>Climate Data<\/h3>\n<h4>International<\/h4>\n<ul>\n<li><a href=\"http:\/\/climate.weather.gc.ca\/\">Canadian Climate Data<\/a><\/li>\n<li><a href=\"http:\/\/web.archive.org\/web\/20170517114413\/http:\/\/www.ec.gc.ca\/Publications\/default.asp?lang=En&amp;xml=AFE219DA-A16C-4813-9784-012C98C045C2\">Canadian Climate Trends and Variations Bulletin<\/a><\/li>\n<li><a href=\"https:\/\/www.dwd.de\/DE\/Home\/home_node.html\">German Climate Data (Klimainformationen)<\/a><\/li>\n<li><a href=\"https:\/\/iridl.ldeo.columbia.edu\/index.html?Set-Language=en\">IRI\/LDEO Climate Data Library<\/a><\/li>\n<li><a href=\"http:\/\/www.data.jma.go.jp\/obd\/stats\/data\/en\/index.html\">Japan Climate Statistics<\/a><\/li>\n<li><a href=\"https:\/\/www.ncei.noaa.gov\/services\/world-data-system\">World Data Center for Meteorology<\/a><\/li>\n<li><a href=\"http:\/\/www.woudc.org\/\">World Ozone and Ultraviolet Radiation Data Centre<\/a><\/li>\n<\/ul>\n<h4>U.S.<\/h4>\n<ul>\n<li><a href=\"http:\/\/www3.epa.gov\/airdata\/\">AirData: Air Pollution Data<\/a><\/li>\n<li><a href=\"https:\/\/cdiac.ess-dive.lbl.gov\/ndps\/alegage.html\"><acronym title=\"Atmospheric Lifetime Experiment\">ALE<\/acronym>\/<acronym title=\"Global Atmospheric Gases Experiment\">GAGE<\/acronym>\/<acronym title=\"Advanced Global Atmospheric Gases Experiment\">AGAGE<\/acronym> Network<\/a><\/li>\n<li><a href=\"https:\/\/argo.ucsd.edu\/\">ARGO<\/a> (observing the ocean in real time)<\/li>\n<li><a href=\"https:\/\/web.archive.org\/web\/20171113110828\/http:\/\/badc.nerc.ac.uk\/home\/\">British Atmospheric Data Centre (<acronym title=\"British Atmospheric Data Centre\">BADC<\/acronym>) Server<\/a><\/li>\n<li><a href=\"https:\/\/rda.ucar.edu\/\">CISL&#8217;S Research Data Archive<\/a><\/li>\n<li><a href=\"https:\/\/www.ncdc.noaa.gov\/climate-monitoring\/index.php\">Climate Monitoring: Reports and Products<\/a><\/li>\n<li><a href=\"https:\/\/www.esrl.noaa.gov\/gmd\/dv\/ftpdata.html\">Earth System Research Laboratory-Global Monitoring Division Data Archive<\/a><\/li>\n<li><a href=\"https:\/\/www.ncei.noaa.gov\/products\/land-based-station\/us-climate-normals\">Climate Normals for the U.S.<\/a><\/li>\n<li><a href=\"https:\/\/data.ess-dive.lbl.gov\/view\/doi:10.3334\/CDIAC\/CLI.NDP026D\">Cloud Climatology for Land Stations Worldwide, 1971-2009<\/a><\/li>\n<li><a href=\"https:\/\/web.archive.org\/web\/20210211210005\/https:\/\/gcmd.nasa.gov.\/\">Global Change Data<\/a><\/li>\n<li><a href=\"https:\/\/web.archive.org\/web\/20220130041524\/https:\/\/www.ncdc.noaa.gov\/gosic\/global-climate-observing-system-gcos\/gcos-surface-network-gsn-program-overview\/gcos-surface-network-gsn-data-access\">Global Climate Observing System (GCOS) Surface Monthly Data<\/a><\/li>\n<li><a href=\"http:\/\/www.spri.cam.ac.uk\/resources\/sprilib\/icesnow\/\">Ice and Snow Database<\/a><\/li>\n<li><a href=\"https:\/\/www.ncdc.noaa.gov\/\"><acronym title=\"National Climatic Data Center\">NCDC<\/acronym> Data Server<\/a><\/li>\n<li><a href=\"http:\/\/rda.ucar.edu\/#!lfd?nb=y&amp;b=plat&amp;v=REANALYSIS%20MODELS\"><acronym title=\"National Centers for Environmental Prediction\">NCEP<\/acronym>\/<acronym title=\"National Center for Atmospheric Research\">NCAR<\/acronym> Global Reanalysis Project<\/a><\/li>\n<li><a href=\"https:\/\/www.ngdc.noaa.gov\/ngdcinfo\/onlineaccess.html\"><acronym title=\"National Geophysical Data Center\">NGDC<\/acronym> Data Access<\/a><\/li>\n<li><a href=\"https:\/\/www.dcceew.gov.au\/environment\/protection\/npi\">National Pollutant Inventory<\/a><\/li>\n<li><a href=\"https:\/\/www.nrcs.usda.gov\/programs-initiatives\/sswsf-snow-survey-and-water-supply-forecasting-program\/national-water-and\">National Water &amp; Climate Center<\/a><\/li>\n<li><a href=\"https:\/\/www.ncei.noaa.gov\/access\"><acronym title=\"National Centers for Environmental Information\">NCEI<\/acronym> Data Access<\/a><\/li>\n<li><a href=\"https:\/\/www.esrl.noaa.gov\/psd\/data\/\">Public Climate Data at Earth System Research Laboratory<\/a><\/li>\n<li><a href=\"http:\/\/www.prism.oregonstate.edu\/\">Spatial Climate Analysis Service (SCAS)<\/a><\/li>\n<li><a href=\"http:\/\/rda.ucar.edu\/datasets\/ds606.4\/\">TOGA-COARE Data Information System<\/a><\/li>\n<li><a href=\"https:\/\/cdiac.ess-dive.lbl.gov\/\">Trends: Carbon Dioxide Emissions<\/a><\/li>\n<li><a href=\"https:\/\/www.ncdc.noaa.gov\/crn\/\">U.S. Climate Reference Network (USCRN)<\/a><\/li>\n<li><a href=\"https:\/\/www.ncdc.noaa.gov\/cdo-web\/datatools\/findstation\">U.S. Historical Weather Data<\/a><\/li>\n<li><a href=\"http:\/\/www.wrcc.dri.edu\/\">Western U.S. Climate Data<\/a><\/li>\n<\/ul>\n<p style=\"text-align: center;\"><a href=\"#top\">Return To Top<\/a><\/p>\n<p><a name=\"pubs\"><\/a><\/p>\n<h3>Maps, Charts and Publications<\/h3>\n<ul>\n<li><a href=\"https:\/\/www.amap.no\/publications\">ACIA &#8211; Arctic Climate Impact Assessments<\/a><\/li>\n<li><a href=\"https:\/\/glossary.ametsoc.org\/wiki\/Welcome\">AMS Glossary of Meteorology<\/a><\/li>\n<li><a href=\"http:\/\/www.bom.gov.au\/climate\/\">Australian Climate Maps<\/a><\/li>\n<li><a href=\"https:\/\/web.archive.org\/web\/20210916205113\/https:\/\/www.ncdc.noaa.gov\/customer-support\/tools\/calculators-and-conversion-tables\">Conversion and Decoder Charts<\/a><\/li>\n<li>Daily Weather Maps: <a href=\"http:\/\/www.wpc.ncep.noaa.gov\/dwm\/dwm.shtml\">2002 &#8211; Present<\/a> <strong>\u00b7<\/strong> <a href=\"https:\/\/library.noaa.gov\/weather-climate\/daily-weather-maps\">1871 &#8211; 2001<\/a><\/li>\n<li><a href=\"https:\/\/web.archive.org\/web\/20220331050810\/http:\/\/www.ecoca.ro\/meteo\/tutorial\/english.html\">Encyclopedia of the Atmospheric Environment<\/a><\/li>\n<li><a href=\"https:\/\/www.gfdl.noaa.gov\/visualization\"><acronym title=\"Geophysical Fluid Dynamics Laboratory\">GFDL<\/acronym> VisGallery<\/a><\/li>\n<li><a href=\"https:\/\/www.goes-r.gov\/products\/overview.html\"><acronym title=\"Geostationary Operational Environmental Satellite\">GOES<\/acronym> Product List<\/a><\/li>\n<li><a href=\"https:\/\/historicalcharts.noaa.gov\/\">Historical Map &amp; Chart Product Image Catalog<\/a><\/li>\n<li><a href=\"https:\/\/www.ngdc.noaa.gov\/mgg\/bathymetry\/maps\/nos_intro.html\">National Ocean Service (NOS) US Bathymetric &amp; Fishing Maps<\/a><\/li>\n<li><a href=\"http:\/\/www.nauticalcharts.noaa.gov\/\">Nautical Charts &#8211; Office of Coast Survey<\/a><\/li>\n<li><a href=\"https:\/\/www.icams-portal.gov\/resources.htm\">Office of the Federal Coordinator For Meteorology: Publications<\/a><\/li>\n<li><a title=\"OpenSky\" href=\"http:\/\/opensky.ucar.edu\/\">OpenSky <\/a>&#8211; the open access institutional repository supporting UCAR, NCAR, and UCP.<\/li>\n<\/ul>\n<p style=\"text-align: center;\"><a href=\"#top\">Return To Top<\/a><\/p>\n<p><a name=\"ejournals\"><\/a><\/p>\n<h3>Open Access E-Journals<\/h3>\n<ul>\n<li><strong><a href=\"http:\/\/www.scielo.org.mx\/scielo.php?script=sci_issues&amp;pid=0187-6236&amp;lng=en&amp;nrm=iso\">Atm\u00f3sfera<\/a><\/strong> (1988 &#8211; present)<br \/>\n<em>ISSN<\/em>: 0187-6236<br \/>\n<em>Publisher<\/em>: Centro de Ciencias de la Atm\u00f3sfera, Universidad Nacional Aut\u00f3noma de M\u00e9xico<br \/>\n<em>Language<\/em>: Multilingual<\/li>\n<li><strong><a href=\"http:\/\/www.atmos-chem-phys.net\/\">Atmospheric Chemistry and Physics<\/a><\/strong> (2001 &#8211; present)<br \/>\n<em>ISSN<\/em>: 1680-7316<br \/>\n<em>EISSN<\/em>: 1680-7324<br \/>\n<em>Publisher<\/em>: Copernicus GmbH on behalf of the European Geosciences Union (EGU)<br \/>\n<em>Language<\/em>: English<\/li>\n<li><strong><a href=\"http:\/\/www.atmos-chem-phys-discuss.net\/papers_in_open_discussion.html\">Atmospheric Chemistry and Physics Discussions<\/a><\/strong> (2001 &#8211; present)<br \/>\n<em>ISSN<\/em>: 1680-7367<br \/>\n<em>EISSN<\/em>: 1680-7375<br \/>\n<em>Publisher<\/em>: Copernicus GmbH on behalf of the European Geosciences Union (EGU)<br \/>\n<em>Language<\/em>: English<\/li>\n<li><strong><a href=\"https:\/\/journals.ametsoc.org\/view\/journals\/bams\/bams-overview.xml\">Bulletin of the American Meteorological Society<\/a><\/strong> (1970 &#8211; present)<br \/>\n(Note: online version is an excerpt of the print publication)<br \/>\n<em>ISSN<\/em>: 1520-0477<br \/>\n<em>Publisher<\/em>: Allen Press on behalf of the American Meteorological Society<br \/>\n<em>Language<\/em>: English<\/li>\n<li><strong><a href=\"http:\/\/www.clim-past.net\/recent_papers.html\">Climate of the past<\/a><\/strong> (2005 &#8211; present)<br \/>\n<em>P-ISSN<\/em>: 1814-9324<br \/>\n<em>E-ISSN<\/em>: 1814-9332<br \/>\n<em>Publisher<\/em>: European Geosciences Union<br \/>\n<em>Language<\/em>: English<\/li>\n<li><strong><a href=\"https:\/\/connectsci.au\/en\">Environmental Chemistry<\/a><\/strong> (2004 &#8211; present)<br \/>\n<em>ISSN<\/em>: 1448-2517<br \/>\n<em>Publisher<\/em>: CSIRO Publishing<br \/>\n<em>Language<\/em>: English<\/li>\n<li><strong><a href=\"http:\/\/www.hydrol-earth-syst-sci.net\/recent_papers.html\">Hydrology and earth system sciences<\/a><\/strong> (1997 &#8211; present)<br \/>\n<em>P-ISSN<\/em>: 1027-5606<br \/>\n<em>E-ISSN<\/em>: 1607-7938<br \/>\n<em>Publisher<\/em>: European Geosciences Union<br \/>\n<em>Language<\/em>: English<\/li>\n<li><strong><a href=\"http:\/\/www.nat-hazards-earth-syst-sci.net\/recent_papers.html\">Natural Hazards and Earth System Sciences<\/a><\/strong> (2001 &#8211; present)<br \/>\n<em>ISSN<\/em>: 1561-8633<br \/>\n<em>EISSN<\/em>: 1684-9981<br \/>\n<em>Publisher<\/em>: Copernicus GmbH on behalf of the European Geosciences Union (EGU)<br \/>\n<em>Language<\/em>: English<\/li>\n<li><strong><a href=\"https:\/\/www.ocean-science.net\/\">Ocean Science<\/a><\/strong> (2005 &#8211; present)<br \/>\n<em>P-ISSN<\/em>: 1812-0784<br \/>\n<em>E-ISSN<\/em>: 1812-0792<br \/>\n<em>Publisher<\/em>: European Geosciences Union<br \/>\n<em>Language<\/em>: English<\/li>\n<\/ul>\n<p style=\"text-align: center;\"><a href=\"#top\">Return To Top<\/a><\/p>\n<p><a name=\"career\"><\/a><\/p>\n<h3>Career, Education and HISTORY<\/h3>\n<ul>\n<li><a href=\"https:\/\/www.ametsoc.org\/ams\/index.cfm\/education-careers\/career-resources\/\">AMS Career Center<\/a><\/li>\n<li><a href=\"http:\/\/www.ametsoc.org\/amsedu\/index.html\">AMS Education<\/a><\/li>\n<li><a title=\"AMS Tape Recorded Interview Project\" href=\"https:\/\/opensky.ucar.edu\/islandora\/object\/archives%3Aamsohp?display=list\">American Meteorological Society &#8211; Oral History Project, 1983-2009<\/a><\/li>\n<li><a href=\"https:\/\/www.amos.org.au\/\">Australian Meteorological and Oceanographic Society (AMOS)<\/a><\/li>\n<li><a href=\"http:\/\/www.cmos.ca\/\">Canadian Meteorological and Oceanographic Society (CMOS)<\/a><\/li>\n<li><a href=\"https:\/\/www.ametsoc.org\/ams\/index.cfm\/education-careers\/career-resources\/\">Career Guide for the Atmospheric Sciences<\/a><\/li>\n<li><a href=\"https:\/\/web.archive.org\/web\/20131007220911\/http:\/\/ametsoc.org\/pubs\/careers.pdf\">Careers in Atmospheric Research and Applied Meteorology<\/a><\/li>\n<li><a href=\"http:\/\/www.comet.ucar.edu\/index.php\">Cooperative Program for Operational Meteorology, Education and Training (COMET)<\/a><\/li>\n<li><a href=\"https:\/\/www.ametsoc.org\/ams\/education-careers\/careers\/career-guides-tools\/\">AMS Career Guides &#038; Tools<\/a><\/li>\n<li><a href=\"https:\/\/web.archive.org\/web\/20190702073828\/http:\/\/www.dlese.org\/lib\/index.html\">Digital Library for Earth System Education<\/a><\/li>\n<li><a href=\"https:\/\/community.wmo.int\/en\/activity-areas\/etrp\">ETRP &#8211; Education and Training Programme (WMO)<\/a><\/li>\n<li><a href=\"https:\/\/www.colby.edu\/sts\/97guide\/index.html\">Guide to Historical Resources in the Atmospheric Sciences<\/a><\/li>\n<li><a href=\"https:\/\/web.archive.org\/web\/20170513110223\/https:\/\/www.lib.noaa.gov\/researchtools\/subjectguides\/wind\/windandsea4.html\">History of Atmospheric Science<\/a><\/li>\n<li><a href=\"https:\/\/www.meted.ucar.edu\/\">MetEd<\/a><\/li>\n<li><a title=\"NCAR Archives\" href=\"https:\/\/www.archives.ucar.edu\/\">NCAR Archives<\/a><\/li>\n<li><a href=\"https:\/\/www.noaa.gov\/education\">NOAA Education<\/a><\/li>\n<li><a href=\"https:\/\/www.bls.gov\/ooh\/life-physical-and-social-science\/atmospheric-scientists-including-meteorologists.htm\">Occupational Outlook Handbook: Atmospheric Scientists<\/a><\/li>\n<li><a href=\"http:\/\/weather.about.com\/od\/meteorologyorganizations\/\">Weather \/ Meteorology Organizations<\/a><\/li>\n<li><a href=\"http:\/\/ww2010.atmos.uiuc.edu\/%28Gh%29\/guides\/home.rxml\">WW2010 Online Guides<\/a><\/li>\n<li><a href=\"https:\/\/www.aoml.noaa.gov\/general\/lib\/lib1\/nhclib\/SCHOOLS.html\">Schools and Universities Offering Meteorology and Atmospheric Sciences<\/a><\/li>\n<\/ul>\n<p style=\"text-align: center;\"><a href=\"#top\">Return To Top<\/a><\/p>\n<hr \/>\n<h2>Topics<\/h2>\n<p><a name=\"air\"><\/a><\/p>\n<h3>Air Quality &amp; Pollution<\/h3>\n<ul>\n<li><a href=\"https:\/\/www.epa.gov\/acidrain\/acid-rain-program\">Acid Rain Program &#8211; EPA<\/a><\/li>\n<li><a href=\"https:\/\/www.airnow.gov\/\">AIRNow<\/a> \/ <a href=\"https:\/\/aqicn.org\/map\/world\/\">International Air Quality<\/a><\/li>\n<li><a href=\"http:\/\/weather.gc.ca\/mainmenu\/airquality_menu_e.html\">Canada Air Quality Services<\/a><\/li>\n<li><a href=\"https:\/\/www.epa.vic.gov.au\/for-community\/monitoring-your-environment\/about-epa-airwatch\/forecast-air-quality\">Australian Air Quality Forecasting System<\/a><\/li>\n<li><a href=\"https:\/\/cdiac.ess-dive.lbl.gov\/\">Carbon Dioxide Information Analysis Center<\/a><\/li>\n<li><a href=\"https:\/\/19january2017snapshot.epa.gov\/sites\/production\/files\/2015-08\/documents\/peg.pdf\">Plain English Guide to the Clean Air Act &#8211; EPA<\/a><\/li>\n<li><a href=\"https:\/\/www.canada.ca\/en\/environment-climate-change\/services\/air-pollution.html\">Canadian Air Quality Resources<\/a><\/li>\n<li><a href=\"http:\/\/nadp.slh.wisc.edu\/\">National Atmospheric Deposition Program<\/a><\/li>\n<li><a href=\"http:\/\/www3.epa.gov\/ozone\/\">Ozone Depletion<\/a><\/li>\n<li><a href=\"https:\/\/www.cpc.ncep.noaa.gov\/products\/stratosphere\/polar\/polar.shtml\">Polar Stratosphere and Ozone Depletion<\/a><\/li>\n<\/ul>\n<p style=\"text-align: center;\"><a href=\"#top\">Return To Top<\/a><\/p>\n<p><a name=\"climate\"><\/a><\/p>\n<h3>Climate<\/h3>\n<ul>\n<li><a href=\"https:\/\/www.arctic.noaa.gov\/\">Arctic Theme Page<\/a><\/li>\n<li><a href=\"#data\">Climate Data<\/a><\/li>\n<li><a href=\"https:\/\/en.wikipedia.org\/wiki\/Category:Climatological_research_organizations\">Climate Institutions<\/a><\/li>\n<li><a href=\"https:\/\/www.climate.gov\/enso\">El Ni\u00f1o<\/a><\/li>\n<li><a href=\"https:\/\/www.aslionline.org\/wp\/wp-content\/uploads\/2016\/04\/ENSO-LaNinaBib-Final1.22.16.pdf\" rel=\"\">El Ni\u00f1o \/ La Ni\u00f1a Bibliography<\/a><\/li>\n<li>Global Warming \/ Climate Change Information: <a href=\"http:\/\/www.epa.gov\/climatechange\/\">EPA<\/a> \/ <a href=\"https:\/\/www.climate.gov\/news-features\/understanding-climate\/global-warming-frequently-asked-questions\">NOAA<\/a><\/li>\n<li><a href=\"https:\/\/www.ipcc.ch\/\">Intergovernmental Panel on Climate Change (IPCC)<\/a><\/li>\n<li><a href=\"https:\/\/www3.epa.gov\/carbon-footprint-calculator\/\">Carbon Footprint<\/a><\/li>\n<li><a href=\"https:\/\/www.stateclimate.org\/state_programs\">State Climatologists<\/a><\/li>\n<li><a href=\"https:\/\/web.archive.org\/web\/20250630043543\/https:\/\/www.globalchange.gov\/\">U.S. Global Change Science Program<\/a><\/li>\n<\/ul>\n<p style=\"text-align: center;\"><a href=\"#top\">Return To Top<\/a><\/p>\n<p><a name=\"wx\"><\/a><\/p>\n<h3>Weather Forecasting &amp; Observations<\/h3>\n<ul>\n<li><a href=\"https:\/\/www.faa.gov\/air_traffic\/weather\/asos\/\">ASOS (Automated Surface Observing System)<\/a><\/li>\n<li><a href=\"https:\/\/aviationweather.gov\/graphics\/\">Aviation Decision Support Graphics<\/a><\/li>\n<li><a href=\"https:\/\/en.wikipedia.org\/wiki\/Advanced_Weather_Interactive_Processing_System\">AWIPS (Advanced Weather Interactive Processing System)<\/a><\/li>\n<li><a href=\"http:\/\/en.wikipedia.org\/wiki\/Beaufort_scale\">Beaufort Wind Scale<\/a><\/li>\n<li><a href=\"http:\/\/ww2010.atmos.uiuc.edu\/%28Gh%29\/guides\/mtr\/cld\/cldtyp\/home.rxml\">Cloud Classification<\/a><\/li>\n<li><a href=\"https:\/\/web.archive.org\/web\/20210916205113\/https:\/\/www.ncdc.noaa.gov\/customer-support\/tools\/calculators-and-conversion-tables\">Conversion and Decoder Charts<\/a><\/li>\n<li><a href=\"http:\/\/www.spc.noaa.gov\/products\/fire_wx\/\">Fire Weather Information Center<\/a><\/li>\n<li><a href=\"http:\/\/www.wpc.ncep.noaa.gov\/heat_index.shtml\">Heat Index<\/a><\/li>\n<li><a href=\"https:\/\/www.nohrsc.noaa.gov\/interactive\/html\/map.html\">Interactive Snow Information<\/a><\/li>\n<li><a title=\"National Data Buoy Center\" href=\"http:\/\/www.ndbc.noaa.gov\/\">Marine weather observations from the National Data Buoy Center<\/a><\/li>\n<li><a href=\"https:\/\/www.weather.gov\/tg\/siteloc\">Meteorological Station Location Information<\/a><\/li>\n<li><a href=\"https:\/\/www.nohrsc.noaa.gov\/nsa\/\">National Snow Analyses<\/a><\/li>\n<li><a href=\"https:\/\/www.roc.noaa.gov\/\">NEXRAD Radar Operations Center<\/a><\/li>\n<li><a href=\"http:\/\/www.weather.gov\/nwr\/\">NOAA Weather Radio<\/a><\/li>\n<li><a href=\"http:\/\/www.bom.gov.au\/australia\/satellite\/\">Satellite Images (Australia)<\/a><\/li>\n<li><a href=\"http:\/\/www.metoffice.gov.uk\/public\/weather\/world-satellite\/\">Satellite Images (U.K.)<\/a><\/li>\n<li><a href=\"https:\/\/www.star.nesdis.noaa.gov\/goes\/index.php\">Satellite Images (U.S.)<\/a><\/li>\n<li><a href=\"http:\/\/www.ssec.wisc.edu\/data\/\">Satellite Images &amp; Data (U.S.)<\/a><\/li>\n<li><a href=\"https:\/\/www.weather.gov\/grb\/windchill\">Wind Chill Chart (U.S.)<\/a><\/li>\n<li><a href=\"https:\/\/weather.gc.ca\/windchill\/wind_chill_e.html\">Wind Chill Calculator<\/a><\/li>\n<\/ul>\n<p style=\"text-align: center;\"><a href=\"#top\">Return To Top<\/a><\/p>\n<p><a name=\"severe\"><\/a><\/p>\n<h3>Severe Weather<\/h3>\n<ul>\n<li><a href=\"https:\/\/nsidc.org\/learn\/parts-cryosphere\/snow\/science-snow#anchor-snow-and-weather\">Snow and Weather<\/a><\/li>\n<li><a href=\"https:\/\/www.canada.ca\/en\/environment-climate-change\/services\/hurricane-forecasts-facts\/canadian-centre.html\">Canadian Hurricane Centre<\/a><\/li>\n<li><a href=\"https:\/\/www.cpc.ncep.noaa.gov\/products\/Drought\">Drought Assessment<\/a><\/li>\n<li><a href=\"http:\/\/sciencepolicy.colorado.edu\/sourcebook\/\">Extreme Weather Sourcebook<\/a><\/li>\n<li><a href=\"https:\/\/www.ready.gov\/be-informed\">Ready.gov &#8211; Prepare for Emergencies<\/a><\/li>\n<li><a href=\"https:\/\/www.weather.gov\/safety\/flood\">Floods<\/a><\/li>\n<li><a href=\"https:\/\/www.weather.gov\/hazstat\/\">Hazard Statistics<\/a><\/li>\n<li><a href=\"https:\/\/www.cpc.ncep.noaa.gov\/products\/predictions\/threats\/threats.php\">Hazards Assessment<\/a><\/li>\n<li><a href=\"https:\/\/www.aoml.noaa.gov\/hrd\/tcfaq\/tcfaqHED.html\">Hurricane, Typhoon, Tropical Cyclone FAQ<\/a><\/li>\n<li><a href=\"https:\/\/www.hwn.org\/\">Hurricane Watch Net<\/a><\/li>\n<li><a href=\"http:\/\/en.wikipedia.org\/wiki\/Lightning\">Lightning<\/a><\/li>\n<li><a href=\"https:\/\/www.weather.gov\/safety\/lightning\">Lightning Safety<\/a><\/li>\n<li><a href=\"http:\/\/www.nhc.noaa.gov\/\">National Hurricane Center<\/a><\/li>\n<li><a href=\"https:\/\/earthobservatory.nasa.gov\/Images\/\">Natural Hazards<\/a><\/li>\n<li><a href=\"http:\/\/www.weather.gov\/safety.php\">NWS Safety<\/a><\/li>\n<li><a href=\"http:\/\/www.weather.gov\/safety\">Severe Weather Safety Guide<\/a><\/li>\n<li><a href=\"https:\/\/web.archive.org\/web\/20201127015202\/http:\/\/tornadochaser.com\/\">Tornado &#8211; Storm Chaser and Weather Information<\/a><\/li>\n<li><a href=\"http:\/\/www.spc.noaa.gov\/faq\/tornado\/\">Tornado FAQ<\/a><\/li>\n<li><a href=\"http:\/\/www.jma.go.jp\/en\/typh\/\">Tropical Cyclone Information (Japan)<\/a><\/li>\n<\/ul>\n<p style=\"text-align: center;\"><a href=\"#top\">Return To Top<\/a><\/p>\n<hr \/>\n","protected":false},"excerpt":{"rendered":"<p>Starting Points \u00b7 Forecasts \u00b7 Climate Data \u00b7 Maps, Charts &amp; Publications Open Access E-Journals \u00b7 Career, Education and History Topics: Air Quality &amp; Pollution \u00b7 Climate Weather Observations &amp; Forecasting \u00b7 Severe Weather Starting Points Common Metadata Repository (CMR) &hellip; <a href=\"https:\/\/www.aslionline.org\/wp\/resources\/atmospheric-science-resources\/\">Continue reading <span class=\"meta-nav\">&rarr;<\/span><\/a><\/p>\n","protected":false},"author":1,"featured_media":0,"parent":92,"menu_order":0,"comment_status":"open","ping_status":"closed","template":"","meta":{"jetpack_post_was_ever_published":false,"footnotes":""},"class_list":["post-96","page","type-page","status-publish","hentry"],"jetpack_shortlink":"https:\/\/wp.me\/P1S9a2-1y","jetpack_sharing_enabled":true,"_links":{"self":[{"href":"https:\/\/www.aslionline.org\/wp\/wp-json\/wp\/v2\/pages\/96","targetHints":{"allow":["GET"]}}],"collection":[{"href":"https:\/\/www.aslionline.org\/wp\/wp-json\/wp\/v2\/pages"}],"about":[{"href":"https:\/\/www.aslionline.org\/wp\/wp-json\/wp\/v2\/types\/page"}],"author":[{"embeddable":true,"href":"https:\/\/www.aslionline.org\/wp\/wp-json\/wp\/v2\/users\/1"}],"replies":[{"embeddable":true,"href":"https:\/\/www.aslionline.org\/wp\/wp-json\/wp\/v2\/comments?post=96"}],"version-history":[{"count":187,"href":"https:\/\/www.aslionline.org\/wp\/wp-json\/wp\/v2\/pages\/96\/revisions"}],"predecessor-version":[{"id":1907,"href":"https:\/\/www.aslionline.org\/wp\/wp-json\/wp\/v2\/pages\/96\/revisions\/1907"}],"up":[{"embeddable":true,"href":"https:\/\/www.aslionline.org\/wp\/wp-json\/wp\/v2\/pages\/92"}],"wp:attachment":[{"href":"https:\/\/www.aslionline.org\/wp\/wp-json\/wp\/v2\/media?parent=96"}],"curies":[{"name":"wp","href":"https:\/\/api.w.org\/{rel}","templated":true}]}}